{"id":10,"date":"2023-12-18T15:39:53","date_gmt":"2023-12-18T15:39:53","guid":{"rendered":"https:\/\/ingrossogusulfinosrl.it\/?page_id=10"},"modified":"2025-02-26T22:38:49","modified_gmt":"2025-02-26T22:38:49","slug":"home","status":"publish","type":"page","link":"https:\/\/ingrossogusulfinosrl.it\/","title":{"rendered":"home"},"content":{"rendered":"\t\t<div data-elementor-type=\"wp-page\" data-elementor-id=\"10\" class=\"elementor elementor-10\">\n\t\t\t\t<div class=\"elementor-element elementor-element-d63c725 e-flex e-con-boxed e-con e-parent\" data-id=\"d63c725\" data-element_type=\"container\" data-e-type=\"container\" data-settings=\"{&quot;background_background&quot;:&quot;classic&quot;}\">\n\t\t\t\t\t<div class=\"e-con-inner\">\n\t\t<div class=\"elementor-element elementor-element-6581f1b e-con-full e-flex e-con e-child\" data-id=\"6581f1b\" data-element_type=\"container\" data-e-type=\"container\">\n\t\t\t\t<div class=\"elementor-element elementor-element-ffb4d89 elementor-widget elementor-widget-heading\" data-id=\"ffb4d89\" data-element_type=\"widget\" data-e-type=\"widget\" data-widget_type=\"heading.default\">\n\t\t\t\t<div class=\"elementor-widget-container\">\n\t\t\t\t\t<h1 class=\"elementor-heading-title elementor-size-default\">Gusulfino Srl<\/h1>\t\t\t\t<\/div>\n\t\t\t\t<\/div>\n\t\t\t\t<div class=\"elementor-element elementor-element-72f933d elementor-widget elementor-widget-heading\" data-id=\"72f933d\" data-element_type=\"widget\" data-e-type=\"widget\" data-widget_type=\"heading.default\">\n\t\t\t\t<div class=\"elementor-widget-container\">\n\t\t\t\t\t<h2 class=\"elementor-heading-title elementor-size-default\">INGROSSO ORTOFRUTTIFERO<\/h2>\t\t\t\t<\/div>\n\t\t\t\t<\/div>\n\t\t\t\t<\/div>\n\t\t\t\t\t<\/div>\n\t\t\t\t<\/div>\n\t\t<div class=\"elementor-element elementor-element-c5ca3c6 e-flex e-con-boxed e-con e-parent\" data-id=\"c5ca3c6\" data-element_type=\"container\" data-e-type=\"container\" data-settings=\"{&quot;background_background&quot;:&quot;classic&quot;}\">\n\t\t\t\t\t<div class=\"e-con-inner\">\n\t\t<div class=\"elementor-element elementor-element-2e82a8f e-con-full e-flex e-con e-child\" data-id=\"2e82a8f\" data-element_type=\"container\" data-e-type=\"container\">\n\t\t\t\t<div class=\"elementor-element elementor-element-4feedbb elementor-widget elementor-widget-video\" data-id=\"4feedbb\" data-element_type=\"widget\" data-e-type=\"widget\" data-settings=\"{&quot;video_type&quot;:&quot;hosted&quot;,&quot;controls&quot;:&quot;yes&quot;}\" data-widget_type=\"video.default\">\n\t\t\t\t<div class=\"elementor-widget-container\">\n\t\t\t\t\t\t\t<div class=\"e-hosted-video elementor-wrapper elementor-open-inline\">\n\t\t\t\t\t<video class=\"elementor-video\" src=\"https:\/\/ingrossogusulfinosrl.it\/wp-content\/uploads\/2024\/05\/Video_WhatsApp_2024-05-16_ore_06.41.55_65edd605.mp4\" controls=\"\" preload=\"metadata\" controlsList=\"nodownload\"><\/video>\n\t\t\t\t<\/div>\n\t\t\t\t\t\t<\/div>\n\t\t\t\t<\/div>\n\t\t\t\t<\/div>\n\t\t<div class=\"elementor-element elementor-element-186c28a e-con-full e-flex e-con e-child\" data-id=\"186c28a\" data-element_type=\"container\" data-e-type=\"container\">\n\t\t\t\t<div class=\"elementor-element elementor-element-f231adf elementor-widget elementor-widget-heading\" data-id=\"f231adf\" data-element_type=\"widget\" data-e-type=\"widget\" data-widget_type=\"heading.default\">\n\t\t\t\t<div class=\"elementor-widget-container\">\n\t\t\t\t\t<h2 class=\"elementor-heading-title elementor-size-default\">Dall'ingrosso al commercio<\/h2>\t\t\t\t<\/div>\n\t\t\t\t<\/div>\n\t\t\t\t<div class=\"elementor-element elementor-element-2eca6b8 elementor-widget-divider--view-line elementor-widget elementor-widget-divider\" data-id=\"2eca6b8\" data-element_type=\"widget\" data-e-type=\"widget\" data-widget_type=\"divider.default\">\n\t\t\t\t<div class=\"elementor-widget-container\">\n\t\t\t\t\t\t\t<div class=\"elementor-divider\">\n\t\t\t<span class=\"elementor-divider-separator\">\n\t\t\t\t\t\t<\/span>\n\t\t<\/div>\n\t\t\t\t\t\t<\/div>\n\t\t\t\t<\/div>\n\t\t\t\t<div class=\"elementor-element elementor-element-b61643c elementor-widget elementor-widget-text-editor\" data-id=\"b61643c\" data-element_type=\"widget\" data-e-type=\"widget\" data-widget_type=\"text-editor.default\">\n\t\t\t\t<div class=\"elementor-widget-container\">\n\t\t\t\t\t\t\t\t\t<p>La nostra attivit\u00e0 si divide in due fasi importanti.<\/p><p>Nella prima fase ci dedichiamo alla vendita all&#8217;ingrosso di frutta e verdura a negozi, mercati, ristoranti, case di riposo e mense.<\/p><p>Mentre nella seconda offriamo vendita diretta a privati cittadini.<\/p>\t\t\t\t\t\t\t\t<\/div>\n\t\t\t\t<\/div>\n\t\t\t\t<\/div>\n\t\t\t\t\t<\/div>\n\t\t\t\t<\/div>\n\t\t<div class=\"elementor-element elementor-element-5cf4280 e-flex e-con-boxed e-con e-parent\" data-id=\"5cf4280\" data-element_type=\"container\" data-e-type=\"container\" data-settings=\"{&quot;background_background&quot;:&quot;classic&quot;}\">\n\t\t\t\t\t<div class=\"e-con-inner\">\n\t\t<div class=\"elementor-element elementor-element-6bc5cd1 e-con-full e-flex e-con e-child\" data-id=\"6bc5cd1\" data-element_type=\"container\" data-e-type=\"container\">\n\t\t<div class=\"elementor-element elementor-element-f03f504 e-con-full e-flex e-con e-child\" data-id=\"f03f504\" data-element_type=\"container\" data-e-type=\"container\" data-settings=\"{&quot;background_background&quot;:&quot;classic&quot;}\">\n\t\t<div class=\"elementor-element elementor-element-a7dad94 e-con-full e-flex e-con e-child\" data-id=\"a7dad94\" data-element_type=\"container\" data-e-type=\"container\" data-settings=\"{&quot;background_background&quot;:&quot;classic&quot;}\">\n\t\t\t\t<div class=\"elementor-element elementor-element-2adea04 elementor-widget elementor-widget-text-editor\" data-id=\"2adea04\" data-element_type=\"widget\" data-e-type=\"widget\" data-widget_type=\"text-editor.default\">\n\t\t\t\t<div class=\"elementor-widget-container\">\n\t\t\t\t\t\t\t\t\t<p>DI GENERAZIONE IN GENERAZIONE<\/p>\t\t\t\t\t\t\t\t<\/div>\n\t\t\t\t<\/div>\n\t\t\t\t<div class=\"elementor-element elementor-element-21a2643 elementor-widget-divider--view-line_text elementor-widget-divider--element-align-center elementor-widget elementor-widget-divider\" data-id=\"21a2643\" data-element_type=\"widget\" data-e-type=\"widget\" data-widget_type=\"divider.default\">\n\t\t\t\t<div class=\"elementor-widget-container\">\n\t\t\t\t\t\t\t<div class=\"elementor-divider\">\n\t\t\t<span class=\"elementor-divider-separator\">\n\t\t\t\t\t\t\t<span class=\"elementor-divider__text elementor-divider__element\">\n\t\t\t\tSTORIA\t\t\t\t<\/span>\n\t\t\t\t\t\t<\/span>\n\t\t<\/div>\n\t\t\t\t\t\t<\/div>\n\t\t\t\t<\/div>\n\t\t\t\t<div class=\"elementor-element elementor-element-f7a8ee9 elementor-widget elementor-widget-text-editor\" data-id=\"f7a8ee9\" data-element_type=\"widget\" data-e-type=\"widget\" data-widget_type=\"text-editor.default\">\n\t\t\t\t<div class=\"elementor-widget-container\">\n\t\t\t\t\t\t\t\t\t<p>La nostra attivit\u00e0 ha radici nella storia di famiglia da oltre un secolo, sin dai tempi del mio bisnonno, che iniziava la giornata partendo con carro e cavallo da Cavaglia (paese natio) per raggiungere Novara e Vercelli e vendere la nostra frutta e verdura.<\/p>\n<p>Da allora, la tradizione si \u00e8 tramandata di generazione in generazione, diventando un impegno costante e una pratica che ha scritto la storia della nostra famiglia nel corso dei decenni.<\/p>\n<p>Nel 1987, ho preso la decisione di entrare a pieno titolo nell&#8217;azienda di famiglia, e da allora ho continuato a portarla avanti con dedizione e passione.<\/p>\n<p><span style=\"font-size: 1rem; font-weight: var( --e-global-typography-text-font-weight );\">Sono orgoglioso di continuare questa tradizione e di far parte di un legame cos\u00ec forte che attraversa generazioni.<\/span><\/p>\t\t\t\t\t\t\t\t<\/div>\n\t\t\t\t<\/div>\n\t\t\t\t<\/div>\n\t\t\t\t<\/div>\n\t\t<div class=\"elementor-element elementor-element-737596b e-con-full e-flex e-con e-child\" data-id=\"737596b\" data-element_type=\"container\" data-e-type=\"container\" data-settings=\"{&quot;background_background&quot;:&quot;slideshow&quot;,&quot;background_slideshow_gallery&quot;:[{&quot;id&quot;:184,&quot;url&quot;:&quot;https:\\\/\\\/ingrossogusulfinosrl.it\\\/wp-content\\\/uploads\\\/2023\\\/12\\\/gusulfino_foto05.jpg&quot;}],&quot;background_slideshow_loop&quot;:&quot;yes&quot;,&quot;background_slideshow_slide_duration&quot;:5000,&quot;background_slideshow_slide_transition&quot;:&quot;fade&quot;,&quot;background_slideshow_transition_duration&quot;:500}\">\n\t\t\t\t<\/div>\n\t\t\t\t<\/div>\n\t\t<div class=\"elementor-element elementor-element-fc95e0b e-con-full e-flex e-con e-child\" data-id=\"fc95e0b\" data-element_type=\"container\" data-e-type=\"container\">\n\t\t<div class=\"elementor-element elementor-element-238712c e-con-full e-flex e-con e-child\" data-id=\"238712c\" data-element_type=\"container\" data-e-type=\"container\" data-settings=\"{&quot;background_background&quot;:&quot;classic&quot;}\">\n\t\t<div class=\"elementor-element elementor-element-d7b7d81 e-con-full e-flex e-con e-child\" data-id=\"d7b7d81\" data-element_type=\"container\" data-e-type=\"container\" data-settings=\"{&quot;background_background&quot;:&quot;classic&quot;}\">\n\t\t\t\t<div class=\"elementor-element elementor-element-fd5df61 elementor-widget elementor-widget-text-editor\" data-id=\"fd5df61\" data-element_type=\"widget\" data-e-type=\"widget\" data-widget_type=\"text-editor.default\">\n\t\t\t\t<div class=\"elementor-widget-container\">\n\t\t\t\t\t\t\t\t\t<p>DALLA TERRA A CASA TUA<\/p>\t\t\t\t\t\t\t\t<\/div>\n\t\t\t\t<\/div>\n\t\t\t\t<div class=\"elementor-element elementor-element-515b14f elementor-widget-divider--view-line_text elementor-widget-divider--element-align-center elementor-widget elementor-widget-divider\" data-id=\"515b14f\" data-element_type=\"widget\" data-e-type=\"widget\" data-widget_type=\"divider.default\">\n\t\t\t\t<div class=\"elementor-widget-container\">\n\t\t\t\t\t\t\t<div class=\"elementor-divider\">\n\t\t\t<span class=\"elementor-divider-separator\">\n\t\t\t\t\t\t\t<span class=\"elementor-divider__text elementor-divider__element\">\n\t\t\t\tqUALIT\u00e0 \t\t\t\t<\/span>\n\t\t\t\t\t\t<\/span>\n\t\t<\/div>\n\t\t\t\t\t\t<\/div>\n\t\t\t\t<\/div>\n\t\t\t\t<div class=\"elementor-element elementor-element-6499839 elementor-widget elementor-widget-text-editor\" data-id=\"6499839\" data-element_type=\"widget\" data-e-type=\"widget\" data-widget_type=\"text-editor.default\">\n\t\t\t\t<div class=\"elementor-widget-container\">\n\t\t\t\t\t\t\t\t\t<p>La qualit\u00e0 dei nostri prodotti \u00e8 il cuore della nostra attivit\u00e0.<\/p><p>Ci impegniamo costantemente nella selezione attenta della migliore frutta e verdura, portando sulla tavola delle persone prodotti locali e di stagione.<\/p><p>Collaboriamo strettamente con fornitori affidabili e agricoltori locali. \u00a0<\/p><p>Siamo fieri di promuovere una filosofia che valorizza la qualit\u00e0 e la provenienza dei nostri prodotti.<\/p>\t\t\t\t\t\t\t\t<\/div>\n\t\t\t\t<\/div>\n\t\t\t\t<\/div>\n\t\t\t\t<\/div>\n\t\t<div class=\"elementor-element elementor-element-6ac582b e-con-full e-flex e-con e-child\" data-id=\"6ac582b\" data-element_type=\"container\" data-e-type=\"container\" data-settings=\"{&quot;background_background&quot;:&quot;slideshow&quot;,&quot;background_slideshow_gallery&quot;:[{&quot;id&quot;:235,&quot;url&quot;:&quot;https:\\\/\\\/ingrossogusulfinosrl.it\\\/wp-content\\\/uploads\\\/2023\\\/12\\\/gusulfino_qualita_foto_01.jpg&quot;},{&quot;id&quot;:236,&quot;url&quot;:&quot;https:\\\/\\\/ingrossogusulfinosrl.it\\\/wp-content\\\/uploads\\\/2023\\\/12\\\/gusulfino_qualita_foto_02.jpg&quot;},{&quot;id&quot;:237,&quot;url&quot;:&quot;https:\\\/\\\/ingrossogusulfinosrl.it\\\/wp-content\\\/uploads\\\/2023\\\/12\\\/gusulfino_qualita_foto_03.jpg&quot;},{&quot;id&quot;:238,&quot;url&quot;:&quot;https:\\\/\\\/ingrossogusulfinosrl.it\\\/wp-content\\\/uploads\\\/2023\\\/12\\\/gusulfino_qualita_foto_04.jpg&quot;},{&quot;id&quot;:239,&quot;url&quot;:&quot;https:\\\/\\\/ingrossogusulfinosrl.it\\\/wp-content\\\/uploads\\\/2023\\\/12\\\/gusulfino_qualita_foto_10.jpg&quot;},{&quot;id&quot;:240,&quot;url&quot;:&quot;https:\\\/\\\/ingrossogusulfinosrl.it\\\/wp-content\\\/uploads\\\/2023\\\/12\\\/gusulfino_qualita_foto_09.jpg&quot;},{&quot;id&quot;:241,&quot;url&quot;:&quot;https:\\\/\\\/ingrossogusulfinosrl.it\\\/wp-content\\\/uploads\\\/2023\\\/12\\\/gusulfino_qualita_foto_08.jpg&quot;},{&quot;id&quot;:242,&quot;url&quot;:&quot;https:\\\/\\\/ingrossogusulfinosrl.it\\\/wp-content\\\/uploads\\\/2023\\\/12\\\/gusulfino_qualita_foto_07.jpg&quot;},{&quot;id&quot;:243,&quot;url&quot;:&quot;https:\\\/\\\/ingrossogusulfinosrl.it\\\/wp-content\\\/uploads\\\/2023\\\/12\\\/gusulfino_qualita_foto_05.jpg&quot;},{&quot;id&quot;:244,&quot;url&quot;:&quot;https:\\\/\\\/ingrossogusulfinosrl.it\\\/wp-content\\\/uploads\\\/2023\\\/12\\\/gusulfino_qualita_foto_11.jpg&quot;},{&quot;id&quot;:245,&quot;url&quot;:&quot;https:\\\/\\\/ingrossogusulfinosrl.it\\\/wp-content\\\/uploads\\\/2023\\\/12\\\/gusulfino_qualita_foto_12.jpg&quot;},{&quot;id&quot;:183,&quot;url&quot;:&quot;https:\\\/\\\/ingrossogusulfinosrl.it\\\/wp-content\\\/uploads\\\/2023\\\/12\\\/gusulfino_foto03.jpg&quot;},{&quot;id&quot;:182,&quot;url&quot;:&quot;https:\\\/\\\/ingrossogusulfinosrl.it\\\/wp-content\\\/uploads\\\/2023\\\/12\\\/gusulfino_foto01.jpg&quot;},{&quot;id&quot;:186,&quot;url&quot;:&quot;https:\\\/\\\/ingrossogusulfinosrl.it\\\/wp-content\\\/uploads\\\/2023\\\/12\\\/gusulfino_foto07.jpg&quot;},{&quot;id&quot;:187,&quot;url&quot;:&quot;https:\\\/\\\/ingrossogusulfinosrl.it\\\/wp-content\\\/uploads\\\/2023\\\/12\\\/gusulfino_foto08.jpg&quot;},{&quot;id&quot;:464,&quot;url&quot;:&quot;https:\\\/\\\/ingrossogusulfinosrl.it\\\/wp-content\\\/uploads\\\/2024\\\/05\\\/fotoAggiunte1-1.jpg&quot;},{&quot;id&quot;:465,&quot;url&quot;:&quot;https:\\\/\\\/ingrossogusulfinosrl.it\\\/wp-content\\\/uploads\\\/2024\\\/05\\\/fotoAggiunte2-1.jpg&quot;},{&quot;id&quot;:466,&quot;url&quot;:&quot;https:\\\/\\\/ingrossogusulfinosrl.it\\\/wp-content\\\/uploads\\\/2024\\\/05\\\/fotoAggiunte4-1.jpg&quot;},{&quot;id&quot;:467,&quot;url&quot;:&quot;https:\\\/\\\/ingrossogusulfinosrl.it\\\/wp-content\\\/uploads\\\/2024\\\/05\\\/fotoAggiunte6-1.jpg&quot;},{&quot;id&quot;:468,&quot;url&quot;:&quot;https:\\\/\\\/ingrossogusulfinosrl.it\\\/wp-content\\\/uploads\\\/2024\\\/05\\\/fotoAggiunte7-1.jpg&quot;},{&quot;id&quot;:469,&quot;url&quot;:&quot;https:\\\/\\\/ingrossogusulfinosrl.it\\\/wp-content\\\/uploads\\\/2024\\\/05\\\/fotoAggiunte9-1.jpg&quot;},{&quot;id&quot;:470,&quot;url&quot;:&quot;https:\\\/\\\/ingrossogusulfinosrl.it\\\/wp-content\\\/uploads\\\/2024\\\/05\\\/fotoAggiunte10-1.jpg&quot;},{&quot;id&quot;:471,&quot;url&quot;:&quot;https:\\\/\\\/ingrossogusulfinosrl.it\\\/wp-content\\\/uploads\\\/2024\\\/05\\\/fotoAggiunte11-1.jpg&quot;}],&quot;background_slideshow_loop&quot;:&quot;yes&quot;,&quot;background_slideshow_slide_duration&quot;:5000,&quot;background_slideshow_slide_transition&quot;:&quot;fade&quot;,&quot;background_slideshow_transition_duration&quot;:500}\">\n\t\t\t\t<\/div>\n\t\t\t\t<\/div>\n\t\t<div class=\"elementor-element elementor-element-36bb440 e-con-full e-flex e-con e-child\" data-id=\"36bb440\" data-element_type=\"container\" data-e-type=\"container\">\n\t\t<div class=\"elementor-element elementor-element-9d099dd e-con-full e-flex e-con e-child\" data-id=\"9d099dd\" data-element_type=\"container\" data-e-type=\"container\" data-settings=\"{&quot;background_background&quot;:&quot;classic&quot;}\">\n\t\t<div class=\"elementor-element elementor-element-2679391 e-con-full e-flex e-con e-child\" data-id=\"2679391\" data-element_type=\"container\" data-e-type=\"container\" data-settings=\"{&quot;background_background&quot;:&quot;classic&quot;}\">\n\t\t\t\t<div class=\"elementor-element elementor-element-d99f04c elementor-widget elementor-widget-text-editor\" data-id=\"d99f04c\" data-element_type=\"widget\" data-e-type=\"widget\" data-widget_type=\"text-editor.default\">\n\t\t\t\t<div class=\"elementor-widget-container\">\n\t\t\t\t\t\t\t\t\t<p>DOVE CI TROVIAMO?<\/p>\t\t\t\t\t\t\t\t<\/div>\n\t\t\t\t<\/div>\n\t\t\t\t<div class=\"elementor-element elementor-element-9f272cc elementor-widget-divider--view-line_text elementor-widget-divider--element-align-center elementor-widget elementor-widget-divider\" data-id=\"9f272cc\" data-element_type=\"widget\" data-e-type=\"widget\" data-widget_type=\"divider.default\">\n\t\t\t\t<div class=\"elementor-widget-container\">\n\t\t\t\t\t\t\t<div class=\"elementor-divider\">\n\t\t\t<span class=\"elementor-divider-separator\">\n\t\t\t\t\t\t\t<span class=\"elementor-divider__text elementor-divider__element\">\n\t\t\t\tCameri\t\t\t\t<\/span>\n\t\t\t\t\t\t<\/span>\n\t\t<\/div>\n\t\t\t\t\t\t<\/div>\n\t\t\t\t<\/div>\n\t\t\t\t<div class=\"elementor-element elementor-element-714fe26 elementor-widget elementor-widget-text-editor\" data-id=\"714fe26\" data-element_type=\"widget\" data-e-type=\"widget\" data-widget_type=\"text-editor.default\">\n\t\t\t\t<div class=\"elementor-widget-container\">\n\t\t\t\t\t\t\t\t\t<p>La posizione centrale ci consente di servire con facilit\u00e0 i nostri clienti.<\/p>\t\t\t\t\t\t\t\t<\/div>\n\t\t\t\t<\/div>\n\t\t\t\t<div class=\"elementor-element elementor-element-2298e39 elementor-widget elementor-widget-text-editor\" data-id=\"2298e39\" data-element_type=\"widget\" data-e-type=\"widget\" data-widget_type=\"text-editor.default\">\n\t\t\t\t<div class=\"elementor-widget-container\">\n\t\t\t\t\t\t\t\t\t<p>COME RAGGIUNGERCI :<\/p>\t\t\t\t\t\t\t\t<\/div>\n\t\t\t\t<\/div>\n\t\t\t\t<div class=\"elementor-element elementor-element-4083022 elementor-widget elementor-widget-heading\" data-id=\"4083022\" data-element_type=\"widget\" data-e-type=\"widget\" data-widget_type=\"heading.default\">\n\t\t\t\t<div class=\"elementor-widget-container\">\n\t\t\t\t\t<h2 class=\"elementor-heading-title elementor-size-default\"><a href=\"https:\/\/www.google.com\/maps\/place\/Corso+Sempione,+39,+28062+Cameri+NO\/data=!4m2!3m1!1s0x47865be4aeb0a663:0x3440f8fa86943ba?sa=X&#038;ved=2ahUKEwjg2dDRuJmDAxVw9LsIHRSpBMoQ8gF6BAgVEAA\">Corso Sempione, 39 28062 Cameri (NO)<\/a><\/h2>\t\t\t\t<\/div>\n\t\t\t\t<\/div>\n\t\t\t\t<\/div>\n\t\t\t\t<\/div>\n\t\t<div class=\"elementor-element elementor-element-5734a86 e-con-full e-flex e-con e-child\" data-id=\"5734a86\" data-element_type=\"container\" data-e-type=\"container\">\n\t\t\t\t<div class=\"elementor-element elementor-element-70abc6c elementor-widget elementor-widget-google_maps\" data-id=\"70abc6c\" data-element_type=\"widget\" data-e-type=\"widget\" data-widget_type=\"google_maps.default\">\n\t\t\t\t<div class=\"elementor-widget-container\">\n\t\t\t\t\t\t\t<div class=\"elementor-custom-embed\">\n\t\t\t<iframe loading=\"lazy\"\n\t\t\t\t\tsrc=\"https:\/\/maps.google.com\/maps?q=via%20dell%E2%80%99Industria%2C%2066%2028062%20Cameri%20No&#038;t=m&#038;z=13&#038;output=embed&#038;iwloc=near\"\n\t\t\t\t\ttitle=\"via dell\u2019Industria, 66 28062 Cameri No\"\n\t\t\t\t\taria-label=\"via dell\u2019Industria, 66 28062 Cameri No\"\n\t\t\t><\/iframe>\n\t\t<\/div>\n\t\t\t\t\t\t<\/div>\n\t\t\t\t<\/div>\n\t\t\t\t<\/div>\n\t\t\t\t<\/div>\n\t\t\t\t\t<\/div>\n\t\t\t\t<\/div>\n\t\t<div class=\"elementor-element elementor-element-800d451 e-flex e-con-boxed e-con e-parent\" data-id=\"800d451\" data-element_type=\"container\" data-e-type=\"container\" data-settings=\"{&quot;background_background&quot;:&quot;classic&quot;}\">\n\t\t\t\t\t<div class=\"e-con-inner\">\n\t\t<div class=\"elementor-element elementor-element-dd00e9b e-flex e-con-boxed e-con e-child\" data-id=\"dd00e9b\" data-element_type=\"container\" data-e-type=\"container\" data-settings=\"{&quot;background_background&quot;:&quot;classic&quot;}\">\n\t\t\t\t\t<div class=\"e-con-inner\">\n\t\t\t\t<div class=\"elementor-element elementor-element-fe8704d elementor-widget__width-auto elementor-widget elementor-widget-heading\" data-id=\"fe8704d\" data-element_type=\"widget\" data-e-type=\"widget\" data-widget_type=\"heading.default\">\n\t\t\t\t<div class=\"elementor-widget-container\">\n\t\t\t\t\t<h3 class=\"elementor-heading-title elementor-size-default\">Informazioni<\/h3>\t\t\t\t<\/div>\n\t\t\t\t<\/div>\n\t\t\t\t<div class=\"elementor-element elementor-element-da4cd4a elementor-widget elementor-widget-heading\" data-id=\"da4cd4a\" data-element_type=\"widget\" data-e-type=\"widget\" data-widget_type=\"heading.default\">\n\t\t\t\t<div class=\"elementor-widget-container\">\n\t\t\t\t\t<h4 class=\"elementor-heading-title elementor-size-default\"><a href=\"tel:3387970932\">338 797 0932<\/a><\/h4>\t\t\t\t<\/div>\n\t\t\t\t<\/div>\n\t\t\t\t<div class=\"elementor-element elementor-element-b880150 elementor-widget elementor-widget-heading\" data-id=\"b880150\" data-element_type=\"widget\" data-e-type=\"widget\" data-widget_type=\"heading.default\">\n\t\t\t\t<div class=\"elementor-widget-container\">\n\t\t\t\t\t<h4 class=\"elementor-heading-title elementor-size-default\"><a href=\"mailto:luigi.gusulfino@alice.it\">luigi.gusulfino@alice.it<\/a><\/h4>\t\t\t\t<\/div>\n\t\t\t\t<\/div>\n\t\t\t\t\t<\/div>\n\t\t\t\t<\/div>\n\t\t<div class=\"elementor-element elementor-element-93a2223 e-flex e-con-boxed e-con e-child\" data-id=\"93a2223\" data-element_type=\"container\" data-e-type=\"container\" data-settings=\"{&quot;background_background&quot;:&quot;classic&quot;}\">\n\t\t\t\t\t<div class=\"e-con-inner\">\n\t\t\t\t<div class=\"elementor-element elementor-element-8fb707a elementor-widget__width-auto elementor-widget elementor-widget-heading\" data-id=\"8fb707a\" data-element_type=\"widget\" data-e-type=\"widget\" data-widget_type=\"heading.default\">\n\t\t\t\t<div class=\"elementor-widget-container\">\n\t\t\t\t\t<h1 class=\"elementor-heading-title elementor-size-default\">ORARI<\/h1>\t\t\t\t<\/div>\n\t\t\t\t<\/div>\n\t\t\t\t<div class=\"elementor-element elementor-element-777ba31 elementor-widget elementor-widget-text-editor\" data-id=\"777ba31\" data-element_type=\"widget\" data-e-type=\"widget\" data-widget_type=\"text-editor.default\">\n\t\t\t\t<div class=\"elementor-widget-container\">\n\t\t\t\t\t\t\t\t\t<p>marted\u00ec &#8211; mercoled\u00ec &#8211; gioved\u00ec<\/p><p><span style=\"font-weight: var( --e-global-typography-text-font-weight );\">06:00 &#8211;\u00a0<\/span><span style=\"font-weight: var( --e-global-typography-text-font-weight );\">12:00<\/span><\/p><p>luned\u00ec\u00a0 &amp;\u00a0<span style=\"font-weight: var( --e-global-typography-text-font-weight );\">venerd\u00ec\u00a0<\/span><\/p><p><span style=\"font-weight: var( --e-global-typography-text-font-weight );\">\u00a006:00 &#8211; 13:00 \/ 15:00 &#8211; 17:00<\/span><\/p>\t\t\t\t\t\t\t\t<\/div>\n\t\t\t\t<\/div>\n\t\t\t\t\t<\/div>\n\t\t\t\t<\/div>\n\t\t\t\t\t<\/div>\n\t\t\t\t<\/div>\n\t\t<div class=\"elementor-element elementor-element-99258c9 e-con-full e-flex e-con e-parent\" data-id=\"99258c9\" data-element_type=\"container\" data-e-type=\"container\" data-settings=\"{&quot;background_background&quot;:&quot;classic&quot;}\">\n\t\t\t\t<div class=\"elementor-element elementor-element-84d142c elementor-widget__width-auto elementor-widget elementor-widget-heading\" data-id=\"84d142c\" data-element_type=\"widget\" data-e-type=\"widget\" data-widget_type=\"heading.default\">\n\t\t\t\t<div class=\"elementor-widget-container\">\n\t\t\t\t\t<span class=\"elementor-heading-title elementor-size-default\"><a href=\"https:\/\/www.espertitalia.it\" target=\"_blank\" rel=\"nofollow\">Powered by<\/a><\/span>\t\t\t\t<\/div>\n\t\t\t\t<\/div>\n\t\t\t\t<div class=\"elementor-element elementor-element-1e6dcc0 elementor-widget__width-auto elementor-widget elementor-widget-image\" data-id=\"1e6dcc0\" data-element_type=\"widget\" data-e-type=\"widget\" data-widget_type=\"image.default\">\n\t\t\t\t<div class=\"elementor-widget-container\">\n\t\t\t\t\t\t\t\t\t\t\t\t\t\t\t\t<a href=\"https:\/\/www.espertitalia.it\" target=\"_blank\" rel=\"nofollow\">\n\t\t\t\t\t\t\t<img decoding=\"async\" width=\"101\" height=\"18\" src=\"https:\/\/ingrossogusulfinosrl.it\/wp-content\/uploads\/2023\/12\/logo_espertitalia_green-1.svg\" class=\"attachment-full size-full wp-image-431\" alt=\"\" \/>\t\t\t\t\t\t\t\t<\/a>\n\t\t\t\t\t\t\t\t\t\t\t\t\t\t\t<\/div>\n\t\t\t\t<\/div>\n\t\t\t\t<\/div>\n\t\t<div class=\"elementor-element elementor-element-d92006a e-flex e-con-boxed e-con e-parent\" data-id=\"d92006a\" data-element_type=\"container\" data-e-type=\"container\">\n\t\t\t\t\t<div class=\"e-con-inner\">\n\t\t\t\t\t<\/div>\n\t\t\t\t<\/div>\n\t\t\t\t<\/div>\n\t\t","protected":false},"excerpt":{"rendered":"<p>Gusulfino Srl INGROSSO ORTOFRUTTIFERO https:\/\/ingrossogusulfinosrl.it\/wp-content\/uploads\/2024\/05\/Video_WhatsApp_2024-05-16_ore_06.41.55_65edd605.mp4 Dall&#8217;ingrosso al commercio La nostra attivit\u00e0 si divide in due fasi importanti. Nella prima fase ci dedichiamo alla vendita all&#8217;ingrosso di frutta e verdura a negozi, mercati, ristoranti, case di riposo e mense. Mentre nella seconda offriamo vendita diretta a privati cittadini. DI GENERAZIONE IN GENERAZIONE STORIA La nostra attivit\u00e0 [&hellip;]<\/p>\n","protected":false},"author":1,"featured_media":0,"parent":0,"menu_order":0,"comment_status":"closed","ping_status":"closed","template":"","meta":{"_joinchat":[],"footnotes":""},"class_list":["post-10","page","type-page","status-publish","hentry"],"aioseo_notices":[],"_links":{"self":[{"href":"https:\/\/ingrossogusulfinosrl.it\/index.php?rest_route=\/wp\/v2\/pages\/10","targetHints":{"allow":["GET"]}}],"collection":[{"href":"https:\/\/ingrossogusulfinosrl.it\/index.php?rest_route=\/wp\/v2\/pages"}],"about":[{"href":"https:\/\/ingrossogusulfinosrl.it\/index.php?rest_route=\/wp\/v2\/types\/page"}],"author":[{"embeddable":true,"href":"https:\/\/ingrossogusulfinosrl.it\/index.php?rest_route=\/wp\/v2\/users\/1"}],"replies":[{"embeddable":true,"href":"https:\/\/ingrossogusulfinosrl.it\/index.php?rest_route=%2Fwp%2Fv2%2Fcomments&post=10"}],"version-history":[{"count":403,"href":"https:\/\/ingrossogusulfinosrl.it\/index.php?rest_route=\/wp\/v2\/pages\/10\/revisions"}],"predecessor-version":[{"id":493,"href":"https:\/\/ingrossogusulfinosrl.it\/index.php?rest_route=\/wp\/v2\/pages\/10\/revisions\/493"}],"wp:attachment":[{"href":"https:\/\/ingrossogusulfinosrl.it\/index.php?rest_route=%2Fwp%2Fv2%2Fmedia&parent=10"}],"curies":[{"name":"wp","href":"https:\/\/api.w.org\/{rel}","templated":true}]}}